{"id":100,"date":"2018-01-27T22:40:25","date_gmt":"2018-01-27T22:40:25","guid":{"rendered":"http:\/\/bergischer-partyservice.de\/?page_id=100"},"modified":"2026-02-02T10:22:03","modified_gmt":"2026-02-02T10:22:03","slug":"buffets","status":"publish","type":"page","link":"https:\/\/bergischer-partyservice.de\/?page_id=100","title":{"rendered":"Buffet&#8217;s"},"content":{"rendered":"<p>Unsere Buffet\u00b4s sind f\u00fcr alle Anl\u00e4sse vorhanden, von Bergisch Rustikal bis Gourmet Mediterran.<\/p>\n<p>\u00dcber die in unseren Produkten enthaltenen allergenen Zutaten und Verarbeitungshilfsstoffe geben wir Ihnen gerne m\u00fcndlich Auskunft. Eine schriftliche Dokumentation kann auf Wunsch jederzeit eingesehen werden.<\/p>\n<p>&nbsp;<\/p>\n\n\n<div\n    class='wp-block-pdfp-pdf-poster  alignnone'\n    id='block-1'\n    data-attributes='{&quot;file&quot;:&quot;https:\\\/\\\/bergischer-partyservice.de\\\/wp-content\\\/uploads\\\/2026\\\/02\\\/Pasta-e-basta2026-1.pdf&quot;,&quot;print&quot;:true,&quot;btnStyles&quot;:{&quot;background&quot;:&quot;#2271b1&quot;,&quot;color&quot;:&quot;#fff&quot;,&quot;fontSize&quot;:&quot;16px&quot;,&quot;padding&quot;:{&quot;top&quot;:10,&quot;right&quot;:20,&quot;bottom&quot;:10,&quot;left&quot;:10}},&quot;adobeOptions&quot;:{&quot;showDownloadPDF&quot;:true,&quot;showPrintPDF&quot;:true,&quot;showAnnotationTools&quot;:true,&quot;showFullScreen&quot;:false,&quot;embedMode&quot;:&quot;SIZED_CONTAINER&quot;,&quot;updated&quot;:true},&quot;CSS&quot;:&quot;.pdfp4cd9e7c3btn {background: #2271b1; color: #fff; padding: 10px 20px 10px 10px}&quot;,&quot;align&quot;:&quot;none&quot;,&quot;alignment&quot;:&quot;left&quot;,&quot;title&quot;:&quot;&quot;,&quot;titleFontSize&quot;:&quot;16px&quot;,&quot;height&quot;:{&quot;desktop&quot;:&quot;840px&quot;,&quot;tablet&quot;:&quot;700px&quot;,&quot;mobile&quot;:&quot;400px&quot;},&quot;width&quot;:{&quot;desktop&quot;:&quot;100%&quot;,&quot;tablet&quot;:&quot;100%&quot;,&quot;mobile&quot;:&quot;100%&quot;},&quot;showName&quot;:false,&quot;onlyPDF&quot;:false,&quot;defaultBrowser&quot;:false,&quot;downloadButton&quot;:false,&quot;downloadButtonText&quot;:&quot;Download File&quot;,&quot;fullscreenButton&quot;:true,&quot;fullscreenButtonText&quot;:&quot;View Fullscreen&quot;,&quot;newWindow&quot;:false,&quot;protect&quot;:false,&quot;thumbMenu&quot;:false,&quot;sidebarOpen&quot;:false,&quot;initialPage&quot;:0,&quot;alert&quot;:false,&quot;lastVersion&quot;:false,&quot;hrScroll&quot;:false,&quot;isHideRightToolbar&quot;:false,&quot;additional&quot;:{&quot;ID&quot;:&quot;&quot;,&quot;Class&quot;:&quot;&quot;,&quot;CSS&quot;:&quot;&quot;},&quot;adobeEmbedder&quot;:false,&quot;popupOptions&quot;:{&quot;enabled&quot;:false,&quot;text&quot;:&quot;Open PDF&quot;,&quot;btnStyle&quot;:{&quot;background&quot;:&quot;#2271b1&quot;,&quot;color&quot;:&quot;#fff&quot;,&quot;fontSize&quot;:&quot;16px&quot;,&quot;padding&quot;:{&quot;top&quot;:10,&quot;right&quot;:20,&quot;bottom&quot;:10,&quot;left&quot;:10}}},&quot;popupBtnStyle&quot;:{&quot;background&quot;:&quot;#2271b1&quot;,&quot;color&quot;:&quot;#fff&quot;,&quot;padding&quot;:{&quot;top&quot;:10,&quot;right&quot;:20,&quot;bottom&quot;:10,&quot;left&quot;:10}},&quot;popupBtnText&quot;:&quot;Open Document&quot;,&quot;openPopupId&quot;:&quot;&quot;}'\n    style=\"text-align: left\">\n    \n        <iframe loading=\"lazy\" title=\"\" style=\"border:0;\" width=\"100%\" height=\"800px\" class=\"pdfp_unsupported_frame\" src=\"\/\/docs.google.com\/gview?embedded=true&#038;url=https:\/\/bergischer-partyservice.de\/wp-content\/uploads\/2026\/02\/Pasta-e-basta2026-1.pdf\"><\/iframe>\n\n    <\/div>\n\n\n<p class=\"has-text-align-right\">*) F\u00fcr Ausk\u00fcnfte zu Allergenen wenden Sie sich bitte an unser Team.<\/p>\n","protected":false},"excerpt":{"rendered":"<p>Unsere Buffet\u00b4s sind f\u00fcr alle Anl\u00e4sse vorhanden, von Bergisch Rustikal bis Gourmet Mediterran. \u00dcber die in unseren Produkten enthaltenen allergenen Zutaten und Verarbeitungshilfsstoffe geben wir Ihnen gerne m\u00fcndlich Auskunft. Eine schriftliche Dokumentation kann auf&#46;&#46;&#46;<\/p>\n","protected":false},"author":1,"featured_media":0,"parent":15,"menu_order":0,"comment_status":"closed","ping_status":"closed","template":"","meta":{"ngg_post_thumbnail":0,"footnotes":""},"class_list":["post-100","page","type-page","status-publish","hentry"],"jetpack_sharing_enabled":true,"_links":{"self":[{"href":"https:\/\/bergischer-partyservice.de\/index.php?rest_route=\/wp\/v2\/pages\/100","targetHints":{"allow":["GET"]}}],"collection":[{"href":"https:\/\/bergischer-partyservice.de\/index.php?rest_route=\/wp\/v2\/pages"}],"about":[{"href":"https:\/\/bergischer-partyservice.de\/index.php?rest_route=\/wp\/v2\/types\/page"}],"author":[{"embeddable":true,"href":"https:\/\/bergischer-partyservice.de\/index.php?rest_route=\/wp\/v2\/users\/1"}],"replies":[{"embeddable":true,"href":"https:\/\/bergischer-partyservice.de\/index.php?rest_route=%2Fwp%2Fv2%2Fcomments&post=100"}],"version-history":[{"count":34,"href":"https:\/\/bergischer-partyservice.de\/index.php?rest_route=\/wp\/v2\/pages\/100\/revisions"}],"predecessor-version":[{"id":808,"href":"https:\/\/bergischer-partyservice.de\/index.php?rest_route=\/wp\/v2\/pages\/100\/revisions\/808"}],"up":[{"embeddable":true,"href":"https:\/\/bergischer-partyservice.de\/index.php?rest_route=\/wp\/v2\/pages\/15"}],"wp:attachment":[{"href":"https:\/\/bergischer-partyservice.de\/index.php?rest_route=%2Fwp%2Fv2%2Fmedia&parent=100"}],"curies":[{"name":"wp","href":"https:\/\/api.w.org\/{rel}","templated":true}]}}