{"id":13,"date":"2018-01-27T15:46:59","date_gmt":"2018-01-27T15:46:59","guid":{"rendered":"http:\/\/bergischer-partyservice.de\/?page_id=13"},"modified":"2023-10-10T15:00:01","modified_gmt":"2023-10-10T15:00:01","slug":"locations-raeume","status":"publish","type":"page","link":"https:\/\/bergischer-partyservice.de\/?page_id=13","title":{"rendered":"Locations \/ R\u00e4ume"},"content":{"rendered":"\n<p><\/p>\n\n\n\n<p><\/p>\n\n\n<div class=\"responsive-tabs\">\n<h2 class=\"tabtitle\">Goldrausch<\/h2>\n<div class=\"tabcontent\">\n\n\n\n\n<p>Unser Goldrausch bietet eine tolle Partyatmosph\u00e4re f\u00fcr Ihr Anliegen. Ihre Feier f\u00fcr Hochzeiten, Firmenfeiern und Geburtstage finden hier eine sch\u00f6ne Atmosph\u00e4re mit Blick ins Gr\u00fcne!<\/p>\n\n\n\n<p>Die Partylokation bietet neben einen separaten Buffet-Raum einen gro\u00dfen Au\u00dfenbereich.<\/p>\n\n\n\n<p>Hier k\u00f6nnen sich die kleinen G\u00e4ste auf dem privaten Spielplatz austoben, w\u00e4hrend die gro\u00dfen G\u00e4ste Ihre Feier genie\u00dfen.<\/p>\n\n\n\n<p>F\u00fcr Ihre Party bietet unser &#8222;Goldrausch&#8220; Platz ab 30 G\u00e4ste. Je nach Ihren Anliegen finden Ihre G\u00e4ste auf zwei Etagen f\u00fcr bis zu 200 Personen platz.<\/p>\n\n\n\n<p>Ihre G\u00e4ste finden an unserer zentral gelegenen Lokation vor Ort einen Parkplatz.<\/p>\n\n\n<div\n\t\t\t\n\t\t\tclass=\"so-widget-sow-button so-widget-sow-button-atom-dc847c0746e6\"\n\t\t\t\n\t\t><div class=\"ow-button-base ow-button-align-center\"\n>\n\t\t\t<a\n\t\t\t\t\thref=\"https:\/\/bergischer-partyservice.de\/?page_id=543\"\n\t\t\t\t\tclass=\"sowb-button ow-icon-placement-left ow-button-hover\" target=\"_blank\" rel=\"noopener noreferrer\" \t>\n\t\t<span>\n\t\t\t\n\t\t\tImpressionen\t\t<\/span>\n\t\t\t<\/a>\n\t<\/div>\n<\/div>\n\n<h1 class='srm_gmap_heading_1 '>Goldrausch<\/h1>            <script type=\"text\/javascript\">\r\n                jQuery(document).ready(function ($) {\r\n                    var wgm_map = new google.maps.Map(document.getElementById(\"srm_gmp_embed_1\"), {\r\n                        center: new google.maps.LatLng(51.283562,7.186354),\r\n                        zoom: 17,\r\n                        mapTypeId: google.maps.MapTypeId.ROADMAP,\r\n                        scrollwheel: true,\r\n                        zoomControl: true,\r\n                        mapTypeControl: true,\r\n                        streetViewControl: true,\r\n                        fullscreenControl: true,\r\n                        draggable: true,\r\n                        disableDoubleClickZoom: false,\r\n                        panControl: true                    });\r\n                    var wgm_theme_json = null;\r\n                    if (wgm_theme_json && wgm_theme_json.length > 0) {\r\n                        try {\r\n                            wgm_map.setOptions({ styles: JSON.parse(wgm_theme_json) });\r\n                        } catch (e) {\r\n                            console.error('Invalid map theme JSON:', e);\r\n                        }\r\n                    }\r\n                    \/\/ To view directions form and data\r\n                                        var wgm_data_1 = {\r\n                        'action': 'wpgmapembed_p_get_markers_by_map_id',\r\n                        _wgm_p_nonce: '6d136aca9f',\r\n                        'data': {\r\n                            map_id: '57'\r\n                        }\r\n                    };\r\n                    var wgm_ajaxurl_1 = 'https:\/\/bergischer-partyservice.de\/wp-admin\/admin-ajax.php'\r\n                    jQuery.post(wgm_ajaxurl_1, wgm_data_1, function (response) {\r\n                        response = JSON.parse(response);\r\n                        if (response.markers.length === 1) {\r\n                            var wgm_marker_to_1 = response.markers[0].marker_desc;\r\n                            jQuery('#srm_gmap_to_1').val(wgm_marker_to_1.replace(\/(<([^>]+)>)\/gi, \"\"));\r\n                        }\r\n                        var wgm_default_marker_icon_1 = 'https:\/\/maps.gstatic.com\/mapfiles\/api-3\/images\/spotlight-poi2.png';\r\n                        if (response.markers.length > 0) {\r\n                            var custom_markers = [];\r\n                            var custom_marker_infowindows = [];\r\n                            response.markers.forEach(function (wgm_marker, i) {\r\n                                var wgm_marker_lat_lng_1 = wgm_marker.lat_lng.split(',');\r\n                                wgm_custom_marker_1 = new google.maps.Marker({\r\n                                    position: new google.maps.LatLng(wgm_marker_lat_lng_1[0], wgm_marker_lat_lng_1[1]),\r\n                                    title: wgm_marker.marker_name,\r\n                                    animation: google.maps.Animation.DROP,\r\n                                    icon: (wgm_marker.icon === '') ? wgm_default_marker_icon_1 : wgm_marker.icon\r\n                                });\r\n                                custom_markers[i] = wgm_custom_marker_1;\r\n                                wgm_custom_marker_1.setMap(wgm_map);\r\n                                var wgm_marker_name_1 = (wgm_marker.marker_name !== null) ? ('<span class=\"info_content_title\" style=\"font-size:18px;font-weight: bold;font-family: Arial;\">'\r\n                                    + wgm_marker.marker_name +\r\n                                    '<\/span><br\/>') : '';\r\n                                custom_marker_infowindow = new google.maps.InfoWindow({\r\n                                    content: wgm_marker_name_1 + wgm_marker.marker_desc\r\n                                });\r\n                                custom_marker_infowindows[i] = custom_marker_infowindow;\r\n                                if (wgm_marker.show_desc_by_default === '1') {\r\n                                    custom_marker_infowindow.open({\r\n                                        anchor: wgm_custom_marker_1,\r\n                                        shouldFocus: false\r\n                                    });\r\n                                } else {\r\n                                    google.maps.event.addListener(wgm_custom_marker_1, 'click', function () {\r\n                                        custom_marker_infowindows[i].open({\r\n                                            anchor: custom_markers[i],\r\n                                            shouldFocus: false\r\n                                        });\r\n                                    });\r\n                                }\r\n                                if (wgm_marker.have_marker_link === '1') {\r\n                                    google.maps.event.addListener(wgm_custom_marker_1, 'click', function () {\r\n                                        var wgm_target = '_self';\r\n                                        if (wgm_marker.marker_link_new_tab === '1') {\r\n                                            wgm_target = '_blank';\r\n                                        }\r\n                                        window.open(wgm_marker.marker_link, wgm_target);\r\n                                    });\r\n                                }\r\n                            });\r\n                        }\r\n                    });\r\n                });\r\n\r\n            <\/script>\r\n\r\n            <div id=\"srm_gmp_embed_1\"\r\n                style=\"width:100% !important;height:400px  !important; \">\r\n            <\/div>\r\n                    \n\n\n\n<\/div><h2 class=\"tabtitle\">Gr\u00fcne 1<\/h2>\n<div class=\"tabcontent\">\n\n\n\n\n<p>Die \u201eGr\u00fcne 1\u201c ist eine TOP-Partylocation im gr\u00fcnen Herzen von Remscheid.<\/p>\n\n\n\n<p>Die Location bietet einen extravaganten und au\u00dfergew\u00f6hnlichen Rahmen f\u00fcr Ihre Feier. <br>Die gro\u00dfen Aussenfl\u00e4chen des Biergartens bieten ein einmaliges Flair f\u00fcr freie Trauungen, Grillfeste und anspruchsvolle Veranstaltungen jeder Art.<\/p>\n\n\n\n<p>Der Partyraum erinnert an eine romantische Almh\u00fctte und wurde mit liebevollen Details ausgestattet. Unsere Location hat eine Kapazit\u00e4t f\u00fcr bis zu 120 feiernde G\u00e4ste.<\/p>\n\n\n\n<p>In Kooperation mit der Falknerei Bergisch Land bieten wir zu unseren Partys auch Flugshows an.<\/p>\n\n\n\n<p>Parkm\u00f6glichkeiten sind ausreichend vorhanden.<\/p>\n\n\n<div\n\t\t\t\n\t\t\tclass=\"so-widget-sow-button so-widget-sow-button-flat-dc847c0746e6\"\n\t\t\t\n\t\t><div class=\"ow-button-base ow-button-align-center\"\n>\n\t\t\t<a\n\t\t\t\t\thref=\"https:\/\/bergischer-partyservice.de\/?page_id=650&#038;preview=true\"\n\t\t\t\t\tclass=\"sowb-button ow-icon-placement-left ow-button-hover\" target=\"_blank\" rel=\"noopener noreferrer\" \t>\n\t\t<span>\n\t\t\t\n\t\t\tImpressionen\t\t<\/span>\n\t\t\t<\/a>\n\t<\/div>\n<\/div>\n\n<h1 class='srm_gmap_heading_2 Grne1'>Gr\u00fcne 1<\/h1>            <script type=\"text\/javascript\">\r\n                jQuery(document).ready(function ($) {\r\n                    var wgm_map = new google.maps.Map(document.getElementById(\"srm_gmp_embed_2\"), {\r\n                        center: new google.maps.LatLng(51.2125823,7.197007500000041),\r\n                        zoom: 14,\r\n                        mapTypeId: google.maps.MapTypeId.ROADMAP,\r\n                        scrollwheel: true,\r\n                        zoomControl: true,\r\n                        mapTypeControl: true,\r\n                        streetViewControl: true,\r\n                        fullscreenControl: true,\r\n                        draggable: true,\r\n                        disableDoubleClickZoom: false,\r\n                        panControl: true                    });\r\n                    var wgm_theme_json = \"[]\";\r\n                    if (wgm_theme_json && wgm_theme_json.length > 0) {\r\n                        try {\r\n                            wgm_map.setOptions({ styles: JSON.parse(wgm_theme_json) });\r\n                        } catch (e) {\r\n                            console.error('Invalid map theme JSON:', e);\r\n                        }\r\n                    }\r\n                    \/\/ To view directions form and data\r\n                                        var wgm_data_2 = {\r\n                        'action': 'wpgmapembed_p_get_markers_by_map_id',\r\n                        _wgm_p_nonce: '6d136aca9f',\r\n                        'data': {\r\n                            map_id: '277'\r\n                        }\r\n                    };\r\n                    var wgm_ajaxurl_2 = 'https:\/\/bergischer-partyservice.de\/wp-admin\/admin-ajax.php'\r\n                    jQuery.post(wgm_ajaxurl_2, wgm_data_2, function (response) {\r\n                        response = JSON.parse(response);\r\n                        if (response.markers.length === 1) {\r\n                            var wgm_marker_to_2 = response.markers[0].marker_desc;\r\n                            jQuery('#srm_gmap_to_2').val(wgm_marker_to_2.replace(\/(<([^>]+)>)\/gi, \"\"));\r\n                        }\r\n                        var wgm_default_marker_icon_2 = 'https:\/\/maps.gstatic.com\/mapfiles\/api-3\/images\/spotlight-poi2.png';\r\n                        if (response.markers.length > 0) {\r\n                            var custom_markers = [];\r\n                            var custom_marker_infowindows = [];\r\n                            response.markers.forEach(function (wgm_marker, i) {\r\n                                var wgm_marker_lat_lng_2 = wgm_marker.lat_lng.split(',');\r\n                                wgm_custom_marker_2 = new google.maps.Marker({\r\n                                    position: new google.maps.LatLng(wgm_marker_lat_lng_2[0], wgm_marker_lat_lng_2[1]),\r\n                                    title: wgm_marker.marker_name,\r\n                                    animation: google.maps.Animation.DROP,\r\n                                    icon: (wgm_marker.icon === '') ? wgm_default_marker_icon_2 : wgm_marker.icon\r\n                                });\r\n                                custom_markers[i] = wgm_custom_marker_2;\r\n                                wgm_custom_marker_2.setMap(wgm_map);\r\n                                var wgm_marker_name_2 = (wgm_marker.marker_name !== null) ? ('<span class=\"info_content_title\" style=\"font-size:18px;font-weight: bold;font-family: Arial;\">'\r\n                                    + wgm_marker.marker_name +\r\n                                    '<\/span><br\/>') : '';\r\n                                custom_marker_infowindow = new google.maps.InfoWindow({\r\n                                    content: wgm_marker_name_2 + wgm_marker.marker_desc\r\n                                });\r\n                                custom_marker_infowindows[i] = custom_marker_infowindow;\r\n                                if (wgm_marker.show_desc_by_default === '1') {\r\n                                    custom_marker_infowindow.open({\r\n                                        anchor: wgm_custom_marker_2,\r\n                                        shouldFocus: false\r\n                                    });\r\n                                } else {\r\n                                    google.maps.event.addListener(wgm_custom_marker_2, 'click', function () {\r\n                                        custom_marker_infowindows[i].open({\r\n                                            anchor: custom_markers[i],\r\n                                            shouldFocus: false\r\n                                        });\r\n                                    });\r\n                                }\r\n                                if (wgm_marker.have_marker_link === '1') {\r\n                                    google.maps.event.addListener(wgm_custom_marker_2, 'click', function () {\r\n                                        var wgm_target = '_self';\r\n                                        if (wgm_marker.marker_link_new_tab === '1') {\r\n                                            wgm_target = '_blank';\r\n                                        }\r\n                                        window.open(wgm_marker.marker_link, wgm_target);\r\n                                    });\r\n                                }\r\n                            });\r\n                        }\r\n                    });\r\n                });\r\n\r\n            <\/script>\r\n\r\n            <div id=\"srm_gmp_embed_2\"\r\n                style=\"width:100% !important;height:400px  !important; \">\r\n            <\/div>\r\n                    \n\n\n<\/div><\/div>\n","protected":false},"excerpt":{"rendered":"<p>Unser Goldrausch bietet eine tolle Partyatmosph\u00e4re f\u00fcr Ihr Anliegen. Ihre Feier f\u00fcr Hochzeiten, Firmenfeiern und Geburtstage finden hier eine sch\u00f6ne Atmosph\u00e4re mit Blick ins Gr\u00fcne! Die Partylokation bietet neben einen separaten Buffet-Raum einen gro\u00dfen&#46;&#46;&#46;<\/p>\n","protected":false},"author":1,"featured_media":0,"parent":0,"menu_order":0,"comment_status":"closed","ping_status":"closed","template":"","meta":{"ngg_post_thumbnail":0,"footnotes":""},"class_list":["post-13","page","type-page","status-publish","hentry"],"jetpack_sharing_enabled":true,"_links":{"self":[{"href":"https:\/\/bergischer-partyservice.de\/index.php?rest_route=\/wp\/v2\/pages\/13","targetHints":{"allow":["GET"]}}],"collection":[{"href":"https:\/\/bergischer-partyservice.de\/index.php?rest_route=\/wp\/v2\/pages"}],"about":[{"href":"https:\/\/bergischer-partyservice.de\/index.php?rest_route=\/wp\/v2\/types\/page"}],"author":[{"embeddable":true,"href":"https:\/\/bergischer-partyservice.de\/index.php?rest_route=\/wp\/v2\/users\/1"}],"replies":[{"embeddable":true,"href":"https:\/\/bergischer-partyservice.de\/index.php?rest_route=%2Fwp%2Fv2%2Fcomments&post=13"}],"version-history":[{"count":25,"href":"https:\/\/bergischer-partyservice.de\/index.php?rest_route=\/wp\/v2\/pages\/13\/revisions"}],"predecessor-version":[{"id":746,"href":"https:\/\/bergischer-partyservice.de\/index.php?rest_route=\/wp\/v2\/pages\/13\/revisions\/746"}],"wp:attachment":[{"href":"https:\/\/bergischer-partyservice.de\/index.php?rest_route=%2Fwp%2Fv2%2Fmedia&parent=13"}],"curies":[{"name":"wp","href":"https:\/\/api.w.org\/{rel}","templated":true}]}}