{"id":255,"date":"2019-02-12T13:47:54","date_gmt":"2019-02-12T13:47:54","guid":{"rendered":"http:\/\/bergischer-partyservice.de\/?page_id=255"},"modified":"2025-02-25T22:18:55","modified_gmt":"2025-02-25T22:18:55","slug":"party-pakete","status":"publish","type":"page","link":"https:\/\/bergischer-partyservice.de\/?page_id=255","title":{"rendered":"Party-Pakete"},"content":{"rendered":"\n<p>Wir bieten verschiedene Party-Pakete an, die Buffet, Getr\u00e4nke-Flatrate, Dekoration und Location beinhalten k\u00f6nnen.<br>Bedingungen: mindestens 50 Personen; Dauer 7 Stunden. Bei Verl\u00e4ngerung gelten die Bedingungen wie bei der Getr\u00e4nke Flat: 5,50\u20ac p.P. &amp; Std. + 26,50\u20ac Barkeeperstd. zzgl. MwSt.<br><\/p>\n\n\n\n<p><\/p>\n\n\n<div class=\"wp-block-image is-resized\">\n<figure data-wp-context=\"{&quot;imageId&quot;:&quot;69e071f8432f6&quot;}\" data-wp-interactive=\"core\/image\" data-wp-key=\"69e071f8432f6\" class=\"aligncenter size-large wp-lightbox-container\"><img loading=\"lazy\" decoding=\"async\" width=\"359\" height=\"1024\" data-wp-class--hide=\"state.isContentHidden\" data-wp-class--show=\"state.isContentVisible\" data-wp-init=\"callbacks.setButtonStyles\" data-wp-on--click=\"actions.showLightbox\" data-wp-on--load=\"callbacks.setButtonStyles\" data-wp-on-window--resize=\"callbacks.setButtonStyles\" src=\"https:\/\/bergischer-partyservice.de\/wp-content\/uploads\/2025\/02\/xxl4-359x1024.png\" alt=\"\" class=\"wp-image-788\" srcset=\"https:\/\/bergischer-partyservice.de\/wp-content\/uploads\/2025\/02\/xxl4-359x1024.png 359w, https:\/\/bergischer-partyservice.de\/wp-content\/uploads\/2025\/02\/xxl4-105x300.png 105w, https:\/\/bergischer-partyservice.de\/wp-content\/uploads\/2025\/02\/xxl4-538x1536.png 538w, https:\/\/bergischer-partyservice.de\/wp-content\/uploads\/2025\/02\/xxl4-520x1485.png 520w, https:\/\/bergischer-partyservice.de\/wp-content\/uploads\/2025\/02\/xxl4-320x914.png 320w, https:\/\/bergischer-partyservice.de\/wp-content\/uploads\/2025\/02\/xxl4.png 566w\" sizes=\"auto, (max-width: 359px) 100vw, 359px\" \/><button\n\t\t\tclass=\"lightbox-trigger\"\n\t\t\ttype=\"button\"\n\t\t\taria-haspopup=\"dialog\"\n\t\t\taria-label=\"Vergr\u00f6\u00dfern\"\n\t\t\tdata-wp-init=\"callbacks.initTriggerButton\"\n\t\t\tdata-wp-on--click=\"actions.showLightbox\"\n\t\t\tdata-wp-style--right=\"state.imageButtonRight\"\n\t\t\tdata-wp-style--top=\"state.imageButtonTop\"\n\t\t>\n\t\t\t<svg xmlns=\"http:\/\/www.w3.org\/2000\/svg\" width=\"12\" height=\"12\" fill=\"none\" viewBox=\"0 0 12 12\">\n\t\t\t\t<path fill=\"#fff\" d=\"M2 0a2 2 0 0 0-2 2v2h1.5V2a.5.5 0 0 1 .5-.5h2V0H2Zm2 10.5H2a.5.5 0 0 1-.5-.5V8H0v2a2 2 0 0 0 2 2h2v-1.5ZM8 12v-1.5h2a.5.5 0 0 0 .5-.5V8H12v2a2 2 0 0 1-2 2H8Zm2-12a2 2 0 0 1 2 2v2h-1.5V2a.5.5 0 0 0-.5-.5H8V0h2Z\" \/>\n\t\t\t<\/svg>\n\t\t<\/button><\/figure>\n<\/div>","protected":false},"excerpt":{"rendered":"<p>Wir bieten verschiedene Party-Pakete an, die Buffet, Getr\u00e4nke-Flatrate, Dekoration und Location beinhalten k\u00f6nnen.Bedingungen: mindestens 50 Personen; Dauer 7 Stunden. Bei Verl\u00e4ngerung gelten die Bedingungen wie bei der Getr\u00e4nke Flat: 5,50\u20ac p.P. &amp; Std. +&#46;&#46;&#46;<\/p>\n","protected":false},"author":1,"featured_media":0,"parent":0,"menu_order":0,"comment_status":"closed","ping_status":"closed","template":"","meta":{"ngg_post_thumbnail":0,"footnotes":""},"class_list":["post-255","page","type-page","status-publish","hentry"],"jetpack_sharing_enabled":true,"_links":{"self":[{"href":"https:\/\/bergischer-partyservice.de\/index.php?rest_route=\/wp\/v2\/pages\/255","targetHints":{"allow":["GET"]}}],"collection":[{"href":"https:\/\/bergischer-partyservice.de\/index.php?rest_route=\/wp\/v2\/pages"}],"about":[{"href":"https:\/\/bergischer-partyservice.de\/index.php?rest_route=\/wp\/v2\/types\/page"}],"author":[{"embeddable":true,"href":"https:\/\/bergischer-partyservice.de\/index.php?rest_route=\/wp\/v2\/users\/1"}],"replies":[{"embeddable":true,"href":"https:\/\/bergischer-partyservice.de\/index.php?rest_route=%2Fwp%2Fv2%2Fcomments&post=255"}],"version-history":[{"count":33,"href":"https:\/\/bergischer-partyservice.de\/index.php?rest_route=\/wp\/v2\/pages\/255\/revisions"}],"predecessor-version":[{"id":797,"href":"https:\/\/bergischer-partyservice.de\/index.php?rest_route=\/wp\/v2\/pages\/255\/revisions\/797"}],"wp:attachment":[{"href":"https:\/\/bergischer-partyservice.de\/index.php?rest_route=%2Fwp%2Fv2%2Fmedia&parent=255"}],"curies":[{"name":"wp","href":"https:\/\/api.w.org\/{rel}","templated":true}]}}