{"id":289,"date":"2019-05-23T10:15:08","date_gmt":"2019-05-23T10:15:08","guid":{"rendered":"http:\/\/bergischer-partyservice.de\/?page_id=289"},"modified":"2022-09-05T11:27:50","modified_gmt":"2022-09-05T11:27:50","slug":"buffets","status":"publish","type":"page","link":"https:\/\/bergischer-partyservice.de\/?page_id=289","title":{"rendered":"Buffet&#8217;s"},"content":{"rendered":"\n<p>Unsere Buffet\u00b4s sind f\u00fcr alle Anl\u00e4sse vorhanden, von Bergisch Rustikal bis Gourmet Mediterran. <br><\/p>\n\n\n\n<p>\u00dcber die in unseren Produkten enthaltenen allergenen Zutaten und Verarbeitungshilfsstoffe geben wir Ihnen gerne m\u00fcndlich Auskunft. Eine schriftliche Dokumentation kann auf Wunsch jederzeit eingesehen werden. <\/p>\n\n\n\n<div class=\"wp-block-file\"><a id=\"wp-block-file--media-891be703-b3dd-4138-8584-caba9b819f2d\" href=\"https:\/\/bergischer-partyservice.de\/?page_id=100\" target=\"_blank\" rel=\"noreferrer noopener\">\u00dcbersicht: Buffet&#8217;s<\/a><\/div>\n","protected":false},"excerpt":{"rendered":"<p>Unsere Buffet\u00b4s sind f\u00fcr alle Anl\u00e4sse vorhanden, von Bergisch Rustikal bis Gourmet Mediterran. \u00dcber die in unseren Produkten enthaltenen allergenen Zutaten und Verarbeitungshilfsstoffe geben wir Ihnen gerne m\u00fcndlich Auskunft. Eine schriftliche Dokumentation kann auf&#46;&#46;&#46;<\/p>\n","protected":false},"author":1,"featured_media":0,"parent":0,"menu_order":0,"comment_status":"closed","ping_status":"closed","template":"","meta":{"ngg_post_thumbnail":0,"footnotes":""},"class_list":["post-289","page","type-page","status-publish","hentry"],"jetpack_sharing_enabled":true,"_links":{"self":[{"href":"https:\/\/bergischer-partyservice.de\/index.php?rest_route=\/wp\/v2\/pages\/289","targetHints":{"allow":["GET"]}}],"collection":[{"href":"https:\/\/bergischer-partyservice.de\/index.php?rest_route=\/wp\/v2\/pages"}],"about":[{"href":"https:\/\/bergischer-partyservice.de\/index.php?rest_route=\/wp\/v2\/types\/page"}],"author":[{"embeddable":true,"href":"https:\/\/bergischer-partyservice.de\/index.php?rest_route=\/wp\/v2\/users\/1"}],"replies":[{"embeddable":true,"href":"https:\/\/bergischer-partyservice.de\/index.php?rest_route=%2Fwp%2Fv2%2Fcomments&post=289"}],"version-history":[{"count":3,"href":"https:\/\/bergischer-partyservice.de\/index.php?rest_route=\/wp\/v2\/pages\/289\/revisions"}],"predecessor-version":[{"id":642,"href":"https:\/\/bergischer-partyservice.de\/index.php?rest_route=\/wp\/v2\/pages\/289\/revisions\/642"}],"wp:attachment":[{"href":"https:\/\/bergischer-partyservice.de\/index.php?rest_route=%2Fwp%2Fv2%2Fmedia&parent=289"}],"curies":[{"name":"wp","href":"https:\/\/api.w.org\/{rel}","templated":true}]}}